{"id":334,"date":"2022-04-26T11:13:20","date_gmt":"2022-04-26T09:13:20","guid":{"rendered":"https:\/\/www.biosolis.info\/?post_type=product&#038;p=334"},"modified":"2026-01-28T12:01:02","modified_gmt":"2026-01-28T11:01:02","slug":"creme-visage-spf30","status":"publish","type":"product","link":"https:\/\/www.biosolis.info\/fr\/produit\/creme-visage-spf30\/","title":{"rendered":"Cr\u00e8me Visage SPF30"},"content":{"rendered":"<p>Enrichie en aloe vera et huiles d&rsquo;origine v\u00e9g\u00e9tale, la cr\u00e8me visage SPF30 assure une haute protection naturelle contre les UVA\/UVB. Ses filtres sont 100% d\u2019origine min\u00e9rale. Ne contient pas de parfum ajout\u00e9.<\/p>\n","protected":false},"excerpt":{"rendered":"Haute protection, visage et cou","protected":false},"featured_media":4514,"template":"","meta":{"_acf_changed":false},"product_brand":[],"product_cat":[15],"product_tag":[],"class_list":{"0":"post-334","1":"product","2":"type-product","3":"status-publish","4":"has-post-thumbnail","6":"product_cat-non-classe","8":"first","9":"instock","10":"taxable","11":"shipping-taxable","12":"purchasable","13":"product-type-simple"},"acf":[],"_links":{"self":[{"href":"https:\/\/www.biosolis.info\/fr\/wp-json\/wp\/v2\/product\/334","targetHints":{"allow":["GET"]}}],"collection":[{"href":"https:\/\/www.biosolis.info\/fr\/wp-json\/wp\/v2\/product"}],"about":[{"href":"https:\/\/www.biosolis.info\/fr\/wp-json\/wp\/v2\/types\/product"}],"wp:featuredmedia":[{"embeddable":true,"href":"https:\/\/www.biosolis.info\/fr\/wp-json\/wp\/v2\/media\/4514"}],"wp:attachment":[{"href":"https:\/\/www.biosolis.info\/fr\/wp-json\/wp\/v2\/media?parent=334"}],"wp:term":[{"taxonomy":"product_brand","embeddable":true,"href":"https:\/\/www.biosolis.info\/fr\/wp-json\/wp\/v2\/product_brand?post=334"},{"taxonomy":"product_cat","embeddable":true,"href":"https:\/\/www.biosolis.info\/fr\/wp-json\/wp\/v2\/product_cat?post=334"},{"taxonomy":"product_tag","embeddable":true,"href":"https:\/\/www.biosolis.info\/fr\/wp-json\/wp\/v2\/product_tag?post=334"}],"curies":[{"name":"wp","href":"https:\/\/api.w.org\/{rel}","templated":true}]}}