{"id":3880,"date":"2024-03-18T14:48:47","date_gmt":"2024-03-18T13:48:47","guid":{"rendered":"https:\/\/www.biosolis.info\/produit\/lait-solaire-spf30-sense\/"},"modified":"2026-01-27T11:04:25","modified_gmt":"2026-01-27T10:04:25","slug":"lait-solaire-spf30-sense","status":"publish","type":"product","link":"https:\/\/www.biosolis.info\/fr\/produit\/lait-solaire-spf30-sense\/","title":{"rendered":"Lait Solaire Sense SPF30"},"content":{"rendered":"<p>Le Lait Solaire SPF30 offre une haute protection solaire pour le visage et le corps et pr\u00e9vient le photo-vieillissement cutan\u00e9 pr\u00e9matur\u00e9. Sa texture d\u00e9licate et fluide est invisible et laisse un doux parfum naturel de fleur de tiar\u00e9 sur la peau.<\/p>\n<p>Compos\u00e9 d\u2019une base naturelle et de filtres organiques derni\u00e8re g\u00e9n\u00e9ration, le Lait Solaire SPF30 offre une protection efficace contre les effets n\u00e9fastes du soleil avec une protection renforc\u00e9e contre les UVA.<\/p>\n","protected":false},"excerpt":{"rendered":"Haute Protection, Visage et Corps","protected":false},"featured_media":3443,"template":"","meta":{"_acf_changed":false},"product_brand":[],"product_cat":[53],"product_tag":[],"class_list":{"0":"post-3880","1":"product","2":"type-product","3":"status-publish","4":"has-post-thumbnail","6":"product_cat-sense-fr","8":"first","9":"instock","10":"taxable","11":"shipping-taxable","12":"purchasable","13":"product-type-simple"},"acf":[],"_links":{"self":[{"href":"https:\/\/www.biosolis.info\/fr\/wp-json\/wp\/v2\/product\/3880","targetHints":{"allow":["GET"]}}],"collection":[{"href":"https:\/\/www.biosolis.info\/fr\/wp-json\/wp\/v2\/product"}],"about":[{"href":"https:\/\/www.biosolis.info\/fr\/wp-json\/wp\/v2\/types\/product"}],"wp:featuredmedia":[{"embeddable":true,"href":"https:\/\/www.biosolis.info\/fr\/wp-json\/wp\/v2\/media\/3443"}],"wp:attachment":[{"href":"https:\/\/www.biosolis.info\/fr\/wp-json\/wp\/v2\/media?parent=3880"}],"wp:term":[{"taxonomy":"product_brand","embeddable":true,"href":"https:\/\/www.biosolis.info\/fr\/wp-json\/wp\/v2\/product_brand?post=3880"},{"taxonomy":"product_cat","embeddable":true,"href":"https:\/\/www.biosolis.info\/fr\/wp-json\/wp\/v2\/product_cat?post=3880"},{"taxonomy":"product_tag","embeddable":true,"href":"https:\/\/www.biosolis.info\/fr\/wp-json\/wp\/v2\/product_tag?post=3880"}],"curies":[{"name":"wp","href":"https:\/\/api.w.org\/{rel}","templated":true}]}}