{"id":413,"date":"2022-05-12T14:09:28","date_gmt":"2022-05-12T12:09:28","guid":{"rendered":"https:\/\/www.biosolis.info\/?post_type=product&#038;p=413"},"modified":"2026-01-28T11:59:44","modified_gmt":"2026-01-28T10:59:44","slug":"spray-solaire-spf50","status":"publish","type":"product","link":"https:\/\/www.biosolis.info\/fr\/produit\/spray-solaire-spf50\/","title":{"rendered":"Spray Solaire SPF50"},"content":{"rendered":"<p>Le Spray Solaire SPF50 assure une haute protection naturelle gr\u00e2ce \u00e0 ses filtres min\u00e9raux qui prot\u00e8gent d\u00e8s l\u2019application des UVA\/UVB. Le Spray a \u00e9t\u00e9 formul\u00e9 \u00e0 base d\u2019huiles d&rsquo;origine v\u00e9g\u00e9tale connues pour leurs vertus hydratantes.<br \/>\nSon parfum est doux et laisse une l\u00e9g\u00e8re note ensoleill\u00e9e de Tiar\u00e9.<\/p>\n","protected":false},"excerpt":{"rendered":"Haute protection, Spray corps","protected":false},"featured_media":385,"template":"","meta":{"_acf_changed":false},"product_brand":[],"product_cat":[15],"product_tag":[],"class_list":{"0":"post-413","1":"product","2":"type-product","3":"status-publish","4":"has-post-thumbnail","6":"product_cat-non-classe","8":"first","9":"instock","10":"taxable","11":"shipping-taxable","12":"purchasable","13":"product-type-simple"},"acf":[],"_links":{"self":[{"href":"https:\/\/www.biosolis.info\/fr\/wp-json\/wp\/v2\/product\/413","targetHints":{"allow":["GET"]}}],"collection":[{"href":"https:\/\/www.biosolis.info\/fr\/wp-json\/wp\/v2\/product"}],"about":[{"href":"https:\/\/www.biosolis.info\/fr\/wp-json\/wp\/v2\/types\/product"}],"wp:featuredmedia":[{"embeddable":true,"href":"https:\/\/www.biosolis.info\/fr\/wp-json\/wp\/v2\/media\/385"}],"wp:attachment":[{"href":"https:\/\/www.biosolis.info\/fr\/wp-json\/wp\/v2\/media?parent=413"}],"wp:term":[{"taxonomy":"product_brand","embeddable":true,"href":"https:\/\/www.biosolis.info\/fr\/wp-json\/wp\/v2\/product_brand?post=413"},{"taxonomy":"product_cat","embeddable":true,"href":"https:\/\/www.biosolis.info\/fr\/wp-json\/wp\/v2\/product_cat?post=413"},{"taxonomy":"product_tag","embeddable":true,"href":"https:\/\/www.biosolis.info\/fr\/wp-json\/wp\/v2\/product_tag?post=413"}],"curies":[{"name":"wp","href":"https:\/\/api.w.org\/{rel}","templated":true}]}}