{"id":415,"date":"2022-05-12T14:18:18","date_gmt":"2022-05-12T12:18:18","guid":{"rendered":"https:\/\/www.biosolis.info\/?post_type=product&#038;p=415"},"modified":"2026-01-28T11:58:58","modified_gmt":"2026-01-28T10:58:58","slug":"lait-solaire-sport-spf50","status":"publish","type":"product","link":"https:\/\/www.biosolis.info\/fr\/produit\/lait-solaire-sport-spf50\/","title":{"rendered":"Lait Solaire Sport SPF50+"},"content":{"rendered":"<p>Sp\u00e9cialement con\u00e7u pour les sportifs, le Lait Solaire Sport SPF50+ assure une tr\u00e8s haute protection contre les UVA et UVB. Avec sa texture tr\u00e8s agr\u00e9able, il r\u00e9siste \u00e0 l\u2019eau. Ne coule pas dans les yeux, ne colle pas et ne laisse pas de trace blanche. Sans parfum ajout\u00e9.<\/p>\n","protected":false},"excerpt":{"rendered":"Tr\u00e8s haute protection, visage et corps","protected":false},"featured_media":3125,"template":"","meta":{"_acf_changed":false},"product_brand":[],"product_cat":[15],"product_tag":[],"class_list":{"0":"post-415","1":"product","2":"type-product","3":"status-publish","4":"has-post-thumbnail","6":"product_cat-non-classe","8":"first","9":"instock","10":"taxable","11":"shipping-taxable","12":"purchasable","13":"product-type-simple"},"acf":[],"_links":{"self":[{"href":"https:\/\/www.biosolis.info\/fr\/wp-json\/wp\/v2\/product\/415","targetHints":{"allow":["GET"]}}],"collection":[{"href":"https:\/\/www.biosolis.info\/fr\/wp-json\/wp\/v2\/product"}],"about":[{"href":"https:\/\/www.biosolis.info\/fr\/wp-json\/wp\/v2\/types\/product"}],"wp:featuredmedia":[{"embeddable":true,"href":"https:\/\/www.biosolis.info\/fr\/wp-json\/wp\/v2\/media\/3125"}],"wp:attachment":[{"href":"https:\/\/www.biosolis.info\/fr\/wp-json\/wp\/v2\/media?parent=415"}],"wp:term":[{"taxonomy":"product_brand","embeddable":true,"href":"https:\/\/www.biosolis.info\/fr\/wp-json\/wp\/v2\/product_brand?post=415"},{"taxonomy":"product_cat","embeddable":true,"href":"https:\/\/www.biosolis.info\/fr\/wp-json\/wp\/v2\/product_cat?post=415"},{"taxonomy":"product_tag","embeddable":true,"href":"https:\/\/www.biosolis.info\/fr\/wp-json\/wp\/v2\/product_tag?post=415"}],"curies":[{"name":"wp","href":"https:\/\/api.w.org\/{rel}","templated":true}]}}