{"id":416,"date":"2022-05-12T14:20:58","date_gmt":"2022-05-12T12:20:58","guid":{"rendered":"https:\/\/www.biosolis.info\/?post_type=product&#038;p=416"},"modified":"2026-01-28T11:58:36","modified_gmt":"2026-01-28T10:58:36","slug":"lait-solaire-spf30","status":"publish","type":"product","link":"https:\/\/www.biosolis.info\/fr\/produit\/lait-solaire-spf30\/","title":{"rendered":"Lait Solaire SPF30"},"content":{"rendered":"<p>Enrichie en aloe vera, le lait solaire SPF30 assure une haute protection naturelle contre les UVA\/UVB. Ses filtres sont 100% d\u2019origine min\u00e9rale et prot\u00e8ge d\u00e8s l\u2019application. Ne contient pas de parfum ajout\u00e9.<\/p>\n","protected":false},"excerpt":{"rendered":"Haute protection, visage et corps","protected":false},"featured_media":390,"template":"","meta":{"_acf_changed":false},"product_brand":[],"product_cat":[15],"product_tag":[],"class_list":{"0":"post-416","1":"product","2":"type-product","3":"status-publish","4":"has-post-thumbnail","6":"product_cat-non-classe","8":"first","9":"instock","10":"taxable","11":"shipping-taxable","12":"purchasable","13":"product-type-simple"},"acf":[],"_links":{"self":[{"href":"https:\/\/www.biosolis.info\/fr\/wp-json\/wp\/v2\/product\/416","targetHints":{"allow":["GET"]}}],"collection":[{"href":"https:\/\/www.biosolis.info\/fr\/wp-json\/wp\/v2\/product"}],"about":[{"href":"https:\/\/www.biosolis.info\/fr\/wp-json\/wp\/v2\/types\/product"}],"wp:featuredmedia":[{"embeddable":true,"href":"https:\/\/www.biosolis.info\/fr\/wp-json\/wp\/v2\/media\/390"}],"wp:attachment":[{"href":"https:\/\/www.biosolis.info\/fr\/wp-json\/wp\/v2\/media?parent=416"}],"wp:term":[{"taxonomy":"product_brand","embeddable":true,"href":"https:\/\/www.biosolis.info\/fr\/wp-json\/wp\/v2\/product_brand?post=416"},{"taxonomy":"product_cat","embeddable":true,"href":"https:\/\/www.biosolis.info\/fr\/wp-json\/wp\/v2\/product_cat?post=416"},{"taxonomy":"product_tag","embeddable":true,"href":"https:\/\/www.biosolis.info\/fr\/wp-json\/wp\/v2\/product_tag?post=416"}],"curies":[{"name":"wp","href":"https:\/\/api.w.org\/{rel}","templated":true}]}}