{"id":418,"date":"2022-05-12T14:25:38","date_gmt":"2022-05-12T12:25:38","guid":{"rendered":"https:\/\/www.biosolis.info\/?post_type=product&#038;p=418"},"modified":"2026-01-28T11:57:22","modified_gmt":"2026-01-28T10:57:22","slug":"lait-apres-solaire","status":"publish","type":"product","link":"https:\/\/www.biosolis.info\/fr\/produit\/lait-apres-solaire\/","title":{"rendered":"Lait Apr\u00e8s-Solaire"},"content":{"rendered":"<p>Le Lait Apr\u00e8s-Soleil d\u00e9tend et calme votre peau. Associant les qualit\u00e9s hydratantes et protectrices de l\u2019Aloe Vera aux propri\u00e9t\u00e9s r\u00e9g\u00e9n\u00e9ratrices, assainissantes et revitalisantes des huiles d&rsquo;origine v\u00e9g\u00e9tale de Calendula et de Tournesol, ce lait onctueux offre un confort optimal aux peaux agress\u00e9es par le soleil et le sel.<\/p>\n","protected":false},"excerpt":{"rendered":"Hydrate et Nourrit","protected":false},"featured_media":388,"template":"","meta":{"_acf_changed":false},"product_brand":[],"product_cat":[15],"product_tag":[],"class_list":{"0":"post-418","1":"product","2":"type-product","3":"status-publish","4":"has-post-thumbnail","6":"product_cat-non-classe","8":"first","9":"instock","10":"taxable","11":"shipping-taxable","12":"purchasable","13":"product-type-simple"},"acf":[],"_links":{"self":[{"href":"https:\/\/www.biosolis.info\/fr\/wp-json\/wp\/v2\/product\/418","targetHints":{"allow":["GET"]}}],"collection":[{"href":"https:\/\/www.biosolis.info\/fr\/wp-json\/wp\/v2\/product"}],"about":[{"href":"https:\/\/www.biosolis.info\/fr\/wp-json\/wp\/v2\/types\/product"}],"wp:featuredmedia":[{"embeddable":true,"href":"https:\/\/www.biosolis.info\/fr\/wp-json\/wp\/v2\/media\/388"}],"wp:attachment":[{"href":"https:\/\/www.biosolis.info\/fr\/wp-json\/wp\/v2\/media?parent=418"}],"wp:term":[{"taxonomy":"product_brand","embeddable":true,"href":"https:\/\/www.biosolis.info\/fr\/wp-json\/wp\/v2\/product_brand?post=418"},{"taxonomy":"product_cat","embeddable":true,"href":"https:\/\/www.biosolis.info\/fr\/wp-json\/wp\/v2\/product_cat?post=418"},{"taxonomy":"product_tag","embeddable":true,"href":"https:\/\/www.biosolis.info\/fr\/wp-json\/wp\/v2\/product_tag?post=418"}],"curies":[{"name":"wp","href":"https:\/\/api.w.org\/{rel}","templated":true}]}}