{"id":419,"date":"2022-05-12T14:27:53","date_gmt":"2022-05-12T12:27:53","guid":{"rendered":"https:\/\/www.biosolis.info\/?post_type=product&#038;p=419"},"modified":"2026-01-28T11:57:48","modified_gmt":"2026-01-28T10:57:48","slug":"huile-solaire-spf20","status":"publish","type":"product","link":"https:\/\/www.biosolis.info\/fr\/produit\/huile-solaire-spf20\/","title":{"rendered":"Huile Solaire SPF20"},"content":{"rendered":"<p>Compos\u00e9e d\u2019huiles d&rsquo;origine v\u00e9g\u00e9tale et de filtres min\u00e9raux, l\u2019Huile Solaire SPF20 offre une protection naturelle contre les UVA\/UVB.<br \/>\nPeut \u00eatre appliqu\u00e9e sur le corps et les cheveux.<\/p>\n","protected":false},"excerpt":{"rendered":"Protection moyenne, Spray corps","protected":false},"featured_media":389,"template":"","meta":{"_acf_changed":false},"product_brand":[],"product_cat":[15],"product_tag":[],"class_list":{"0":"post-419","1":"product","2":"type-product","3":"status-publish","4":"has-post-thumbnail","6":"product_cat-non-classe","8":"first","9":"instock","10":"taxable","11":"shipping-taxable","12":"purchasable","13":"product-type-simple"},"acf":[],"_links":{"self":[{"href":"https:\/\/www.biosolis.info\/fr\/wp-json\/wp\/v2\/product\/419","targetHints":{"allow":["GET"]}}],"collection":[{"href":"https:\/\/www.biosolis.info\/fr\/wp-json\/wp\/v2\/product"}],"about":[{"href":"https:\/\/www.biosolis.info\/fr\/wp-json\/wp\/v2\/types\/product"}],"wp:featuredmedia":[{"embeddable":true,"href":"https:\/\/www.biosolis.info\/fr\/wp-json\/wp\/v2\/media\/389"}],"wp:attachment":[{"href":"https:\/\/www.biosolis.info\/fr\/wp-json\/wp\/v2\/media?parent=419"}],"wp:term":[{"taxonomy":"product_brand","embeddable":true,"href":"https:\/\/www.biosolis.info\/fr\/wp-json\/wp\/v2\/product_brand?post=419"},{"taxonomy":"product_cat","embeddable":true,"href":"https:\/\/www.biosolis.info\/fr\/wp-json\/wp\/v2\/product_cat?post=419"},{"taxonomy":"product_tag","embeddable":true,"href":"https:\/\/www.biosolis.info\/fr\/wp-json\/wp\/v2\/product_tag?post=419"}],"curies":[{"name":"wp","href":"https:\/\/api.w.org\/{rel}","templated":true}]}}