{"id":1920,"date":"2022-05-31T16:13:14","date_gmt":"2022-05-31T14:13:14","guid":{"rendered":"https:\/\/www.biosolis.info\/politique-de-confidentialite\/"},"modified":"2022-05-31T16:13:14","modified_gmt":"2022-05-31T14:13:14","slug":"politique-de-confidentialite","status":"publish","type":"page","link":"https:\/\/www.biosolis.info\/nl\/politique-de-confidentialite\/","title":{"rendered":"Politique de confidentialit\u00e9"},"content":{"rendered":"<p><span style=\"font-weight: 400;\">Nous mettons beaucoup d\u2019importance \u00e0 la protection des donn\u00e9es personnelles et la confidentialit\u00e9 de celle-ci. <\/span><span style=\"font-weight: 400;\"><br \/>\n<\/span><span style=\"font-weight: 400;\">Nous sommes susceptibles d\u2019actualis\u00e9 la charte pr\u00e9sente.<\/span><span style=\"font-weight: 400;\"><br \/>\n<\/span><span style=\"font-weight: 400;\">Pour rester informer, nous vous invitons \u00e0 en prendre connaissance d\u00e8s que vous interagissez avec nous.\u00a0\u00a0<\/span><\/p>\n<p><span style=\"font-weight: 400;\"><br \/>\n<\/span><b>Qui traite vos donn\u00e9es\u00a0?<\/b> <span style=\"font-weight: 400;\"><br \/>\n<\/span><span style=\"font-weight: 400;\"><br \/>\n<\/span><span style=\"font-weight: 400;\">Les donn\u00e9es personnelles sont collect\u00e9es par la soci\u00e9t\u00e9 Provera S.A. dont le si\u00e8ge social est 80, avenue Thomas Edison 1402 Thines (Nivelles). <\/span><span style=\"font-weight: 400;\"><br \/>\n<\/span><span style=\"font-weight: 400;\">Num\u00e9ro d\u2019entreprise\u00a0: 0459.142.768<\/span><span style=\"font-weight: 400;\"><br \/>\n<\/span><span style=\"font-weight: 400;\"><br \/>\n<\/span><span style=\"font-weight: 400;\">Nous nous engageons \u00e0 respecter la confidentialit\u00e9 de vos donn\u00e9es personnelles au sein des employ\u00e9es de la soci\u00e9t\u00e9 ou de ses prestataires de services. <\/span><span style=\"font-weight: 400;\"><br \/>\n<\/span><span style=\"font-weight: 400;\">Les soci\u00e9t\u00e9s prestataires auxquels nous pouvons faire appels peuvent utiliser vos donn\u00e9es uniquement pour g\u00e9rer les services que nous leur demandons d\u2019effectuer. Certains fournisseurs de services poss\u00e8dent leurs politiques de confidentialit\u00e9 relatif aux informations que nous sommes tenus de leur fournir pour vos commandes, transactions d\u2019achat.\u00a0\u00a0\u00a0<\/span><\/p>\n<p><span style=\"font-weight: 400;\">Nous ne partageons pas vos donn\u00e9es personnelles avec des soci\u00e9t\u00e9s tierces. <\/span><span style=\"font-weight: 400;\"><br \/>\n<\/span><span style=\"font-weight: 400;\">Si cela nous est exig\u00e9 par la loi ou bien si il y a violation de nos conditions g\u00e9n\u00e9rales, nous pouvons \u00eatre amen\u00e9 \u00e0 transmettre vos informations personnelles aux autorit\u00e9s. <\/span><\/p>\n<p><b>Informations personnelles collect\u00e9es<\/b><b><\/b><\/p>\n<p><span style=\"font-weight: 400;\">Les informations permettant de vous identifier sont consid\u00e9r\u00e9es comme \u00e9tant des donn\u00e9es personnelles.<\/span><\/p>\n<ul>\n<li style=\"font-weight: 400;\" aria-level=\"1\"><span style=\"font-weight: 400;\">Nom et pr\u00e9nom<\/span><\/li>\n<li style=\"font-weight: 400;\" aria-level=\"1\"><span style=\"font-weight: 400;\">Sexe<\/span><\/li>\n<li style=\"font-weight: 400;\" aria-level=\"1\"><span style=\"font-weight: 400;\">Adresse email<\/span><\/li>\n<li style=\"font-weight: 400;\" aria-level=\"1\"><span style=\"font-weight: 400;\">Adresse postale<\/span><\/li>\n<li style=\"font-weight: 400;\" aria-level=\"1\"><span style=\"font-weight: 400;\">Num\u00e9ro de t\u00e9l\u00e9phone<\/span><\/li>\n<li style=\"font-weight: 400;\" aria-level=\"1\"><span style=\"font-weight: 400;\">Date de naissance<\/span><\/li>\n<li style=\"font-weight: 400;\" aria-level=\"1\"><span style=\"font-weight: 400;\">Identifiant<\/span><\/li>\n<li style=\"font-weight: 400;\" aria-level=\"1\"><span style=\"font-weight: 400;\">Information relative aux commandes<\/span><\/li>\n<li style=\"font-weight: 400;\" aria-level=\"1\"><span style=\"font-weight: 400;\">R\u00e9ponses relatives aux questionnaires \/ test \/ questionnaires sondages<\/span><\/li>\n<\/ul>\n<p><span style=\"font-weight: 400;\">Avec votre consentement, nous pouvons collecter et traiter l\u2019ensemble ou une partie suivantes lorsque vous\u00a0:<\/span><span style=\"font-weight: 400;\">\u00a0<\/span><\/p>\n<ul>\n<li style=\"font-weight: 400;\" aria-level=\"1\"><span style=\"font-weight: 400;\">Visitez notre site<\/span><\/li>\n<li style=\"font-weight: 400;\" aria-level=\"1\"><span style=\"font-weight: 400;\">Vous cr\u00e9ez un compte sur notre site<\/span><\/li>\n<li style=\"font-weight: 400;\" aria-level=\"1\"><span style=\"font-weight: 400;\">Vous utilisez votre compte sur notre site<\/span><\/li>\n<li style=\"font-weight: 400;\" aria-level=\"1\"><span style=\"font-weight: 400;\">Vous effectuez une commande\u00a0<\/span><\/li>\n<li style=\"font-weight: 400;\" aria-level=\"1\"><span style=\"font-weight: 400;\">Vous r\u00e9digez un avis sur notre site, sur nos r\u00e9seaux<\/span><\/li>\n<li style=\"font-weight: 400;\" aria-level=\"1\"><span style=\"font-weight: 400;\">Vous participez \u00e0 un jeu , un concours, des enqu\u00eates de satisfaction\u00a0<\/span><\/li>\n<li style=\"font-weight: 400;\" aria-level=\"1\"><span style=\"font-weight: 400;\">Vous souscrivez \u00e0 notre newsletter<\/span><\/li>\n<li style=\"font-weight: 400;\" aria-level=\"1\"><span style=\"font-weight: 400;\">Vous partagez du contenu sur les r\u00e9seaux sociaux en utilisant un hashtag #biosolis #biosolissuncare ou des hashtags que nous vous proposons,<\/span><\/li>\n<\/ul>\n<p><b><br \/>\n<\/b><b>Pourquoi r\u00e9coltons-nous vos donn\u00e9es\u00a0?<\/b><b>\u00a0<\/b><\/p>\n<p>&nbsp;<\/p>\n<ul>\n<li style=\"font-weight: 400;\" aria-level=\"1\"><span style=\"font-weight: 400;\">Cr\u00e9er votre compte utilisateur<\/span><\/li>\n<li style=\"font-weight: 400;\" aria-level=\"1\"><span style=\"font-weight: 400;\">G\u00e9rer vos commandes (commandes, livraisons, factures, service apr\u00e8s-vente, etc)<\/span><\/li>\n<li style=\"font-weight: 400;\" aria-level=\"1\"><span style=\"font-weight: 400;\">R\u00e9pondre \u00e0 vos questions et demandes.\u00a0<\/span><\/li>\n<li style=\"font-weight: 400;\" aria-level=\"1\"><span style=\"font-weight: 400;\">Vous informer de la disponibilit\u00e9 d\u2019un produit<\/span><\/li>\n<li style=\"font-weight: 400;\" aria-level=\"1\"><span style=\"font-weight: 400;\">Pr\u00e9venir et d\u00e9tecter des fraudes le cas \u00e9ch\u00e9ant.\u00a0<\/span><\/li>\n<li style=\"font-weight: 400;\" aria-level=\"1\"><span style=\"font-weight: 400;\">Optimiser et am\u00e9liorer notre site en analysant la fa\u00e7on dont nos clients naviguent et interagissent avec le site.\u00a0<\/span><\/li>\n<li style=\"font-weight: 400;\" aria-level=\"1\"><span style=\"font-weight: 400;\">Envoyer des communications\/ newsletters si l\u2019utilisateur y a consenti<\/span><\/li>\n<li style=\"font-weight: 400;\" aria-level=\"1\"><span style=\"font-weight: 400;\">R\u00e9aliser des analyses et statistiques de la fr\u00e9quentation du site<\/span><\/li>\n<\/ul>\n<p>&nbsp;<\/p>\n<p><b>Qu\u2019est-ce que les \u00ab\u00a0cookies\u00a0\u00bb\u00a0?\u00a0<\/b><\/p>\n<p><span style=\"font-weight: 400;\">Ce sont des identifiants alphanum\u00e9riques d\u00e9pos\u00e9s sur votre terminal (ordinateur, t\u00e9l\u00e9phone mobile, tablette num\u00e9rique) lorsque vous vous rendez sur un site internet. Ils sont utilis\u00e9s dans le but de reconna\u00eetre votre navigateur et de vous proposer des services personnalis\u00e9s<\/span><\/p>\n<p><b>Pourquoi utilisons nous des cookies\u00a0?\u00a0<\/b><\/p>\n<p><span style=\"font-weight: 400;\">Nous utilisons les cookies pour am\u00e9liorer nos services et pour vous donner une meilleure exp\u00e9rience client en m\u00e9morisant vos pr\u00e9f\u00e9rences et en vous fournissant un contenu adapt\u00e9 \u00e0 vos besoins.\u00a0<\/span><\/p>\n<p><b>Quels sont les cookies que nous utilisons\u00a0:\u00a0<\/b><\/p>\n<p>&nbsp;<\/p>\n<p><span style=\"font-weight: 400;\">Cookies de navigations\u00a0: Ils permettent le bon fonctionnement technique de site.<\/span><\/p>\n<p><span style=\"font-weight: 400;\">Cookies fonctionnels\u00a0: ils ne sont pas indispensables mais optimisent votre exp\u00e9rience sur le site. Si vous acceptez l\u2019option d\u2019\u00eatre reconnu par notre syst\u00e8me, vous n\u2019aurez plus \u00e0 saisir syst\u00e9matiquement vos identifiants. Ces cookies permettrons de r\u00e9pondre aux mieux \u00e0 vos souhaits et rendrons votre visite plus confortable.<\/span><\/p>\n<p><span style=\"font-weight: 400;\">Cookies analytiques\u00a0: ils nous permettent d\u2019<\/span><b>Optimiser et am\u00e9liorer notre site en analysant la fa\u00e7on dont nos clients naviguent.\u00a0<\/b><\/p>\n<p><b>Combien de temps sont conserv\u00e9es vos donn\u00e9es ?<\/b><\/p>\n<p><span style=\"font-weight: 400;\">3 ans \u00e0 compter de votre derni\u00e8re activit\u00e9 sur nos sites<\/span><span style=\"font-weight: 400;\"><br \/>\n<\/span><span style=\"font-weight: 400;\">Vous avez cependant le droit de nous demander \u00e0 tout moment des informations sur les donn\u00e9es personnelles que nous avons collect\u00e9 \u00e0 votre sujet. <\/span><\/p>\n","protected":false},"excerpt":{"rendered":"Nous mettons beaucoup d\u2019importance \u00e0 la protection des donn\u00e9es personnelles et la confidentialit\u00e9 de celle-ci. Nous sommes susceptibles d\u2019actualis\u00e9 la charte pr\u00e9sente. Pour rester informer, nous vous invitons \u00e0 en prendre connaissance d\u00e8s que vous interagissez avec nous.\u00a0\u00a0 Qui traite vos donn\u00e9es\u00a0? Les donn\u00e9es personnelles sont collect\u00e9es par la soci\u00e9t\u00e9 Provera S.A. dont le si\u00e8ge&#8230; <a class=\"view-article\" href=\"https:\/\/www.biosolis.info\/nl\/politique-de-confidentialite\/\">Bekijk Artikel<\/a>","protected":false},"author":3,"featured_media":0,"parent":0,"menu_order":0,"comment_status":"closed","ping_status":"closed","template":"","meta":{"_acf_changed":false,"footnotes":""},"class_list":["post-1920","page","type-page","status-publish","hentry"],"acf":[],"_links":{"self":[{"href":"https:\/\/www.biosolis.info\/nl\/wp-json\/wp\/v2\/pages\/1920","targetHints":{"allow":["GET"]}}],"collection":[{"href":"https:\/\/www.biosolis.info\/nl\/wp-json\/wp\/v2\/pages"}],"about":[{"href":"https:\/\/www.biosolis.info\/nl\/wp-json\/wp\/v2\/types\/page"}],"author":[{"embeddable":true,"href":"https:\/\/www.biosolis.info\/nl\/wp-json\/wp\/v2\/users\/3"}],"replies":[{"embeddable":true,"href":"https:\/\/www.biosolis.info\/nl\/wp-json\/wp\/v2\/comments?post=1920"}],"version-history":[{"count":0,"href":"https:\/\/www.biosolis.info\/nl\/wp-json\/wp\/v2\/pages\/1920\/revisions"}],"wp:attachment":[{"href":"https:\/\/www.biosolis.info\/nl\/wp-json\/wp\/v2\/media?parent=1920"}],"curies":[{"name":"wp","href":"https:\/\/api.w.org\/{rel}","templated":true}]}}