{"id":4383,"date":"2024-05-13T13:28:03","date_gmt":"2024-05-13T11:28:03","guid":{"rendered":"https:\/\/www.biosolis.info\/?post_type=product&#038;p=4383"},"modified":"2026-01-27T11:03:26","modified_gmt":"2026-01-27T10:03:26","slug":"suncaps","status":"publish","type":"product","link":"https:\/\/www.biosolis.info\/nl\/produit\/suncaps\/","title":{"rendered":"Suncaps"},"content":{"rendered":"<p>Biosolis Suncaps aide \u00e0 sublimer la beaut\u00e9 du teint et du h\u00e2le, d\u00e8s les premiers beaux jours et tout au long de l\u2019\u00e9t\u00e9, en harmonie avec la couleur naturelle de la peau.<\/p>\n<p><!--more--><\/p>\n<p>Ce compl\u00e9ment vous apporte les carot\u00e8nes d\u2019origine naturelle requis pour que votre organisme les transforme en Vitamine A, contribuant au maintien d\u2019une peau et d\u2019une vision normales.\u00a0 Riche en vitamine E d\u2019origine v\u00e9g\u00e9tale aide \u00e0 pr\u00e9server votre peau de l\u2019attaque du stress oxydatif g\u00e9n\u00e9r\u00e9 par les UV responsables du vieillissement cutan\u00e9.<\/p>\n<p>&nbsp;<\/p>\n<p>En participant \u00e0 la production corporelle de vitamine A, les carot\u00e8nes d\u2019origine marine du Suncaps favorisent le maintien normal d\u2019une belle peau et d\u2019un teint lumineux. L\u2019application d\u2019un lait solaire protecteur et hydratant en compl\u00e9ment, reste recommand\u00e9e.<\/p>\n<p>&nbsp;<\/p>\n<p>60 capsules = une cure de 2mois<\/p>\n<p>&nbsp;<\/p>\n","protected":false},"excerpt":{"rendered":"Teint d&#8217;\u00e9t\u00e9 &amp; beaut\u00e9","protected":false},"featured_media":4384,"template":"","meta":{"_acf_changed":false},"product_brand":[],"product_cat":[36],"product_tag":[],"class_list":{"0":"post-4383","1":"product","2":"type-product","3":"status-publish","4":"has-post-thumbnail","6":"product_cat-non-classe-2","8":"first","9":"instock","10":"taxable","11":"shipping-taxable","12":"purchasable","13":"product-type-simple"},"acf":[],"_links":{"self":[{"href":"https:\/\/www.biosolis.info\/nl\/wp-json\/wp\/v2\/product\/4383","targetHints":{"allow":["GET"]}}],"collection":[{"href":"https:\/\/www.biosolis.info\/nl\/wp-json\/wp\/v2\/product"}],"about":[{"href":"https:\/\/www.biosolis.info\/nl\/wp-json\/wp\/v2\/types\/product"}],"wp:featuredmedia":[{"embeddable":true,"href":"https:\/\/www.biosolis.info\/nl\/wp-json\/wp\/v2\/media\/4384"}],"wp:attachment":[{"href":"https:\/\/www.biosolis.info\/nl\/wp-json\/wp\/v2\/media?parent=4383"}],"wp:term":[{"taxonomy":"product_brand","embeddable":true,"href":"https:\/\/www.biosolis.info\/nl\/wp-json\/wp\/v2\/product_brand?post=4383"},{"taxonomy":"product_cat","embeddable":true,"href":"https:\/\/www.biosolis.info\/nl\/wp-json\/wp\/v2\/product_cat?post=4383"},{"taxonomy":"product_tag","embeddable":true,"href":"https:\/\/www.biosolis.info\/nl\/wp-json\/wp\/v2\/product_tag?post=4383"}],"curies":[{"name":"wp","href":"https:\/\/api.w.org\/{rel}","templated":true}]}}